{"id":1267,"date":"2023-11-22T07:41:06","date_gmt":"2023-11-22T10:41:06","guid":{"rendered":"https:\/\/ispee-caba.infd.edu.ar\/sitio\/?page_id=1267"},"modified":"2026-03-11T12:06:02","modified_gmt":"2026-03-11T15:06:02","slug":"especializacion-docente-de-nivel-superior-en-atencion-temprana","status":"publish","type":"page","link":"https:\/\/ispee-caba.infd.edu.ar\/sitio\/especializacion-docente-de-nivel-superior-en-atencion-temprana\/","title":{"rendered":"Especializaci\u00f3n\u00a0Docente de Nivel Superior en Atenci\u00f3n Temprana"},"content":{"rendered":"\n<p><strong>Inscripci\u00f3n cerrada.<\/strong><\/p>\n\n\n\n<p><strong>Destinado a Profesores de Educaci\u00f3n Especial y Equipos t\u00e9cnico &#8211; pedag\u00f3gicos<\/strong><\/p>\n\n\n\n<p><strong>Duraci\u00f3n<\/strong>: 4 cuatrimestres (dos a\u00f1os)<\/p>\n\n\n\n<p><strong>D\u00edas y horarios de cursada<\/strong>:  <\/p>\n\n\n\n<p>viernes 18 a 20:40hs  y s\u00e1bados de 8 a 13 hs<\/p>\n\n\n\n<p><\/p>\n\n\n\n<p><strong>Informes<\/strong>: <a href=\"mailto:ispeepostituloat@gmail.com\">ispeepostituloat@gmail.com<\/a><\/p>\n","protected":false},"excerpt":{"rendered":"<p>Inscripci\u00f3n cerrada. Destinado a Profesores de Educaci\u00f3n Especial y Equipos t\u00e9cnico &#8211; pedag\u00f3gicos Duraci\u00f3n: 4 cuatrimestres (dos a\u00f1os) D\u00edas y horarios de cursada: viernes 18 a 20:40hs y s\u00e1bados de 8 a 13 hs Informes: ispeepostituloat@gmail.com<\/p>\n","protected":false},"author":1375,"featured_media":0,"parent":0,"menu_order":0,"comment_status":"closed","ping_status":"closed","template":"","meta":[],"acf":[],"_links":{"self":[{"href":"https:\/\/ispee-caba.infd.edu.ar\/sitio\/wp-json\/wp\/v2\/pages\/1267"}],"collection":[{"href":"https:\/\/ispee-caba.infd.edu.ar\/sitio\/wp-json\/wp\/v2\/pages"}],"about":[{"href":"https:\/\/ispee-caba.infd.edu.ar\/sitio\/wp-json\/wp\/v2\/types\/page"}],"author":[{"embeddable":true,"href":"https:\/\/ispee-caba.infd.edu.ar\/sitio\/wp-json\/wp\/v2\/users\/1375"}],"replies":[{"embeddable":true,"href":"https:\/\/ispee-caba.infd.edu.ar\/sitio\/wp-json\/wp\/v2\/comments?post=1267"}],"version-history":[{"count":6,"href":"https:\/\/ispee-caba.infd.edu.ar\/sitio\/wp-json\/wp\/v2\/pages\/1267\/revisions"}],"predecessor-version":[{"id":1471,"href":"https:\/\/ispee-caba.infd.edu.ar\/sitio\/wp-json\/wp\/v2\/pages\/1267\/revisions\/1471"}],"wp:attachment":[{"href":"https:\/\/ispee-caba.infd.edu.ar\/sitio\/wp-json\/wp\/v2\/media?parent=1267"}],"curies":[{"name":"wp","href":"https:\/\/api.w.org\/{rel}","templated":true}]}}