{"id":286,"date":"2016-10-31T13:17:59","date_gmt":"2016-10-31T16:17:59","guid":{"rendered":"https:\/\/ispee-caba.infd.edu.ar\/sitio\/?page_id=286"},"modified":"2026-03-10T12:32:46","modified_gmt":"2026-03-10T15:32:46","slug":"inicio","status":"publish","type":"page","link":"https:\/\/ispee-caba.infd.edu.ar\/sitio\/","title":{"rendered":"Ingreso 2026"},"content":{"rendered":"<p><a href=\"https:\/\/ispee-caba.infd.edu.ar\/sitio\/wp-content\/uploads\/2019\/02\/edificio_nuevo_ispee.jpg\"><img decoding=\"async\" loading=\"lazy\" class=\"aligncenter size-thumbnail wp-image-867\" src=\"https:\/\/ispee-caba.infd.edu.ar\/sitio\/wp-content\/uploads\/2019\/02\/edificio_nuevo_ispee-500x500.jpg\" alt=\"imagen de entrada a la nueva sede del ISPEE\" width=\"500\" height=\"500\" \/><\/a><\/p>\n<p style=\"text-align: center;\"><span style=\"font-weight: 400;\">El <\/span><b>Instituto Superior del Profesorado en Educaci\u00f3n Especial<\/b><span style=\"font-weight: 400;\"> es un Instituto de Nivel Superior no Universitario.<\/span><\/p>\n<p style=\"text-align: center;\"><span style=\"font-weight: 400;\">Pertenece a la Unidad de Coordinaci\u00f3n del Sistema de Formaci\u00f3n Docente del Ministerio de Educaci\u00f3n <\/span><\/p>\n<p style=\"text-align: center;\"><span style=\"font-weight: 400;\">del Gobierno de la Ciudad de Buenos Aires.\u00a0\u00a0<\/span><\/p>\n<p style=\"text-align: center;\"><b><a href=\"https:\/\/maps.app.goo.gl\/hFrw2iauK3tDUp1i8\" target=\"_blank\" rel=\"noopener\">Holmberg 2754<\/a>\u00a0 \u2013 Villa Urquiza (Entre Nahuel Huapi y Pedro Rivera)<\/b><\/p>\n<p style=\"text-align: center;\"><span style=\"font-weight: 400;\">\u00a0<\/span><b>\u00a0Turno MA\u00d1ANA y Turno VESPERTINO<\/b><\/p>\n<p style=\"text-align: center;\"><span style=\"font-weight: 400;\">\u00a0<\/span><b>E-mail: <a href=\"mailto:ispee@bue.edu.ar\">ispee@bue.edu.ar<\/a><\/b><\/p>\n<h2 style=\"text-align: center;\"><span style=\"font-weight: 400;\">\u00a0 \u00a0 \u00a0 \u00a0<strong>Tel\u00e9fono: <a href=\"tel:+541151976391\">5197-6391<\/a><\/strong><\/span><\/h2>\n<p style=\"text-align: center;\">\u00a0<\/p>\n<h2 style=\"text-align: center;\">\u00bfQuer\u00e9s ser docente del ISPEE? Ingres\u00e1 a ver nuestros<\/h2>\n<h2 style=\"text-align: center;\"><span style=\"color: #0000ff;\"><strong>Llamados a selecci\u00f3n de antecedentes en el men\u00fa de Secciones<\/strong><\/span><\/h2>\n<p>&nbsp;<\/p>\n<h2 style=\"text-align: center;\"><span style=\"color: #008080;\"><b>ATENCI\u00d3N INGRESANTES Primer\u00a0 cuatrimestre 2026 a las carreras del Profesorado<\/b><\/span><\/h2>\n<h2 style=\"text-align: center;\">\u00a0Per\u00edodo de inscripci\u00f3n:\u00a0 del 06 de Octubre al 20 de Febrero de 2026<\/h2>\n<h2 style=\"text-align: center;\"><strong>Modalidad de cursada presencial<\/strong><\/h2>\n<h2 style=\"text-align: center;\">M\u00e1s informaci\u00f3n:\u00a0 <a href=\"https:\/\/ispee-caba.infd.edu.ar\/sitio\/ingresantes\/\"><strong><span style=\"color: #ff0000;\">Ingresantes primer cuatrimestre 2026<\/span><\/strong><\/a><\/h2>\n<h2>\u00a0<\/h2>\n<h2 style=\"text-align: center;\">\u00a0<\/h2>\n<p>&nbsp;<\/p>\n<h1 class=\"entry-title\">\u00a0<\/h1>\n<p>&nbsp;<\/p>\n<h2 style=\"text-align: center;\">\u00a0<\/h2>\n","protected":false},"excerpt":{"rendered":"<p>El Instituto Superior del Profesorado en Educaci\u00f3n Especial es un Instituto de Nivel Superior no Universitario. Pertenece a la Unidad de Coordinaci\u00f3n del Sistema de Formaci\u00f3n Docente del Ministerio de Educaci\u00f3n del Gobierno de la Ciudad de Buenos Aires.\u00a0\u00a0 Holmberg 2754\u00a0 \u2013 Villa Urquiza (Entre Nahuel Huapi y Pedro Rivera) \u00a0\u00a0Turno MA\u00d1ANA y Turno VESPERTINO &#8230; <a title=\"Ingreso 2026\" class=\"read-more\" href=\"https:\/\/ispee-caba.infd.edu.ar\/sitio\/\" aria-label=\"More on Ingreso 2026\">[+]<\/a><\/p>\n","protected":false},"author":1,"featured_media":0,"parent":0,"menu_order":0,"comment_status":"closed","ping_status":"closed","template":"","meta":[],"acf":[],"_links":{"self":[{"href":"https:\/\/ispee-caba.infd.edu.ar\/sitio\/wp-json\/wp\/v2\/pages\/286"}],"collection":[{"href":"https:\/\/ispee-caba.infd.edu.ar\/sitio\/wp-json\/wp\/v2\/pages"}],"about":[{"href":"https:\/\/ispee-caba.infd.edu.ar\/sitio\/wp-json\/wp\/v2\/types\/page"}],"author":[{"embeddable":true,"href":"https:\/\/ispee-caba.infd.edu.ar\/sitio\/wp-json\/wp\/v2\/users\/1"}],"replies":[{"embeddable":true,"href":"https:\/\/ispee-caba.infd.edu.ar\/sitio\/wp-json\/wp\/v2\/comments?post=286"}],"version-history":[{"count":187,"href":"https:\/\/ispee-caba.infd.edu.ar\/sitio\/wp-json\/wp\/v2\/pages\/286\/revisions"}],"predecessor-version":[{"id":1467,"href":"https:\/\/ispee-caba.infd.edu.ar\/sitio\/wp-json\/wp\/v2\/pages\/286\/revisions\/1467"}],"wp:attachment":[{"href":"https:\/\/ispee-caba.infd.edu.ar\/sitio\/wp-json\/wp\/v2\/media?parent=286"}],"curies":[{"name":"wp","href":"https:\/\/api.w.org\/{rel}","templated":true}]}}