{"id":809,"date":"2018-07-16T18:11:05","date_gmt":"2018-07-16T21:11:05","guid":{"rendered":"https:\/\/ispee-caba.infd.edu.ar\/sitio\/proyectos-institucionales\/"},"modified":"2025-11-18T09:50:55","modified_gmt":"2025-11-18T12:50:55","slug":"proyectos-institucionales","status":"publish","type":"page","link":"https:\/\/ispee-caba.infd.edu.ar\/sitio\/proyectos-institucionales\/","title":{"rendered":"Proyectos institucionales"},"content":{"rendered":"<table style=\"width: 100%;\" border=\"0\">\n<tbody>\n<tr>\n<td colspan=\"3\">\n<h2 style=\"margin-top: 0px; margin-bottom: 0px; padding-bottom: 0px; text-align: center;\"><\/h2>\n<\/td>\n<\/tr>\n<tr>\n<td colspan=\"3\"><\/td>\n<\/tr>\n<tr>\n<td colspan=\"3\"><\/td>\n<\/tr>\n<tr>\n<td width=\"33%\">\n<h3 style=\"margin-top: 0px; margin-bottom: 0px; padding-bottom: 0px; text-align: center;\"><a href=\"#1\">Salidas culturales<\/a><\/h3>\n<\/td>\n<td width=\"34%\">\n<h3 style=\"margin-top: 0px; margin-bottom: 0px; padding-bottom: 0px; text-align: center;\"><a href=\"#2\">Aulas virtuales<\/a><\/h3>\n<\/td>\n<td width=\"33%\">\n<h3 style=\"margin-top: 0px; margin-bottom: 0px; padding-bottom: 0px; text-align: center;\"><a href=\"#3\">Biblioteca digital accesible<\/a><\/h3>\n<\/td>\n<\/tr>\n<tr>\n<td width=\"33%\">\n<div style=\"text-align: center;\"><img decoding=\"async\" loading=\"lazy\" title=\"Logo\" src=\"https:\/\/ispee-caba.infd.edu.ar\/sitio\/wp-content\/uploads\/2018\/07\/logo_salidas_culturales_1.jpg\" alt=\"Logo\" width=\"214\" height=\"245\" border=\"0\" \/><\/div>\n<\/td>\n<td width=\"34%\">\n<div style=\"text-align: center;\"><img decoding=\"async\" title=\"ispee virtual\" src=\"https:\/\/ispee-caba.infd.edu.ar\/sitio\/wp-content\/uploads\/2018\/07\/ispee_virtual_logo.jpg\" alt=\"ispee virtual\" border=\"0\" \/><\/div>\n<\/td>\n<td width=\"33%\">\n<div style=\"text-align: center;\"><img decoding=\"async\" loading=\"lazy\" title=\"logo biblio digital\" src=\"https:\/\/ispee-caba.infd.edu.ar\/sitio\/wp-content\/uploads\/2018\/07\/log_biblioteca_ispee_2.jpg\" alt=\"logo biblio digital\" width=\"226\" height=\"195\" border=\"0\" \/><\/div>\n<\/td>\n<\/tr>\n<tr>\n<td width=\"33%\"><\/td>\n<td width=\"34%\"><\/td>\n<td width=\"33%\"><\/td>\n<\/tr>\n<tr>\n<td colspan=\"3\"><\/td>\n<\/tr>\n<tr>\n<td colspan=\"3\"><\/td>\n<\/tr>\n<tr>\n<td>\n<div style=\"text-align: center;\"><\/div>\n<\/td>\n<td colspan=\"2\"><\/td>\n<\/tr>\n<tr>\n<td colspan=\"3\"><\/td>\n<\/tr>\n<tr>\n<td colspan=\"3\"><\/td>\n<\/tr>\n<tr>\n<td colspan=\"3\">\n<h3 style=\"margin-top: 0px; margin-bottom: 0px; padding-bottom: 0px;\"><a id=\"2\" name=\"2\"><\/a><\/h3>\n<h3><a href=\"#2\">Aulas virtuales<\/a><\/h3>\n<\/td>\n<\/tr>\n<tr>\n<td>\n<div style=\"text-align: center;\"><img decoding=\"async\" loading=\"lazy\" title=\"ispee virtual\" src=\"https:\/\/ispee-caba.infd.edu.ar\/sitio\/wp-content\/uploads\/2018\/07\/ispee_virtual_logo.jpg\" alt=\"ispee virtual\" width=\"206\" height=\"172\" border=\"0\" \/><\/div>\n<\/td>\n<td colspan=\"2\"><span style=\"font-size: 10pt; font-family: arial, helvetica, sans-serif;\"><strong style=\"font-family: Arial, sans-serif; font-size: 1.17em;\">Objetivo general<\/strong><\/span><\/p>\n<ul>\n<li>Promover m\u00e1s y mejores pr\u00e1cticas en la formaci\u00f3n docente en educaci\u00f3n especial mediante la incorporaci\u00f3n de la educaci\u00f3n virtual.<\/li>\n<\/ul>\n<h3 class=\"western\" lang=\"es-ES\"><span style=\"font-family: Arial, sans-serif; font-size: 10pt;\"><strong>Objetivos espec\u00edficos<\/strong><\/span><\/h3>\n<ul>\n<li>Promover la alfabetizaci\u00f3n digital, tanto de los docentes, como de los alumnos del ISPEE.<\/li>\n<li>Incentivar la implementaci\u00f3n de estrategias novedosas de ense\u00f1anza como un modo de mejor los procesos de aprendizaje de los alumnos.<\/li>\n<li>Proveer a los docentes de herramientas y capacitaci\u00f3n para la administraci\u00f3n de sus aulas virtuales.<\/li>\n<li>Promover la reflexi\u00f3n sobre las pr\u00e1cticas pedag\u00f3gicas en educaci\u00f3n superior.<\/li>\n<li>Incentivar la cultura del uso de informaci\u00f3n para la mejora de la calidad educativa.<\/li>\n<li>Promover y facilitar el acceso a la bibliograf\u00eda de referencia en la formaci\u00f3n docente.<\/li>\n<li>Incentivar la producci\u00f3n de textos acad\u00e9micos y su difusi\u00f3n dentro de la comunidad educativa del ISPEE.<\/li>\n<\/ul>\n<\/td>\n<\/tr>\n<tr>\n<td colspan=\"3\"><\/td>\n<\/tr>\n<tr>\n<td colspan=\"3\"><\/td>\n<\/tr>\n<tr>\n<td colspan=\"3\">\n<h3 style=\"margin-top: 0px; margin-bottom: 0px; padding-bottom: 0px;\"><a id=\"3\" name=\"3\"><\/a><\/h3>\n<h3><a href=\"#3\">Biblioteca digital accesible<\/a><\/h3>\n<\/td>\n<\/tr>\n<tr>\n<td>\n<div style=\"text-align: center;\"><img decoding=\"async\" loading=\"lazy\" title=\"logo biblio digital\" src=\"https:\/\/ispee-caba.infd.edu.ar\/sitio\/wp-content\/uploads\/2018\/07\/log_biblioteca_ispee_2.jpg\" alt=\"logo biblio digital\" width=\"183\" height=\"159\" border=\"0\" \/><\/div>\n<\/td>\n<td colspan=\"2\">Este proyecto tiene por objetivo poner a disposici\u00f3n de la comunidad educativa del Instituto material bibliogr\u00e1fico, videos, im\u00e1genes y audios de las diferentes c\u00e1tedras. Tambi\u00e9n producciones destacadas de alumnos de la carrera de grado y del post\u00edtulo.<\/p>\n<p>Se dispone de un canal institucional en You Tube con producciones propias (por ejemplo: material para el taller de Lengua de Se\u00f1as Argentino) y listados de reproducci\u00f3n de pel\u00edculas y conferencias.<\/p>\n<p>Se promover\u00e1 la producci\u00f3n de audiotexto acad\u00e9micos.<\/td>\n<\/tr>\n<tr>\n<td colspan=\"3\"><\/td>\n<\/tr>\n<\/tbody>\n<\/table>\n","protected":false},"excerpt":{"rendered":"<p>Salidas culturales Aulas virtuales Biblioteca digital accesible Aulas virtuales Objetivo general Promover m\u00e1s y mejores pr\u00e1cticas en la formaci\u00f3n docente en educaci\u00f3n especial mediante la incorporaci\u00f3n de la educaci\u00f3n virtual. Objetivos espec\u00edficos Promover la alfabetizaci\u00f3n digital, tanto de los docentes, como de los alumnos del ISPEE. Incentivar la implementaci\u00f3n de estrategias novedosas de ense\u00f1anza como &#8230; <a title=\"Proyectos institucionales\" class=\"read-more\" href=\"https:\/\/ispee-caba.infd.edu.ar\/sitio\/proyectos-institucionales\/\" aria-label=\"More on Proyectos institucionales\">[+]<\/a><\/p>\n","protected":false},"author":1379,"featured_media":0,"parent":0,"menu_order":0,"comment_status":"closed","ping_status":"closed","template":"","meta":[],"acf":[],"_links":{"self":[{"href":"https:\/\/ispee-caba.infd.edu.ar\/sitio\/wp-json\/wp\/v2\/pages\/809"}],"collection":[{"href":"https:\/\/ispee-caba.infd.edu.ar\/sitio\/wp-json\/wp\/v2\/pages"}],"about":[{"href":"https:\/\/ispee-caba.infd.edu.ar\/sitio\/wp-json\/wp\/v2\/types\/page"}],"author":[{"embeddable":true,"href":"https:\/\/ispee-caba.infd.edu.ar\/sitio\/wp-json\/wp\/v2\/users\/1379"}],"replies":[{"embeddable":true,"href":"https:\/\/ispee-caba.infd.edu.ar\/sitio\/wp-json\/wp\/v2\/comments?post=809"}],"version-history":[{"count":1,"href":"https:\/\/ispee-caba.infd.edu.ar\/sitio\/wp-json\/wp\/v2\/pages\/809\/revisions"}],"predecessor-version":[{"id":1419,"href":"https:\/\/ispee-caba.infd.edu.ar\/sitio\/wp-json\/wp\/v2\/pages\/809\/revisions\/1419"}],"wp:attachment":[{"href":"https:\/\/ispee-caba.infd.edu.ar\/sitio\/wp-json\/wp\/v2\/media?parent=809"}],"curies":[{"name":"wp","href":"https:\/\/api.w.org\/{rel}","templated":true}]}}